{"id":36250,"date":"2024-09-14T16:53:33","date_gmt":"2024-09-14T16:53:33","guid":{"rendered":"http:\/\/newestprojects.com\/ir\/?page_id=36250"},"modified":"2024-10-04T06:40:43","modified_gmt":"2024-10-04T06:40:43","slug":"pre-request-projects","status":"publish","type":"page","link":"https:\/\/newestprojects.com\/ir\/pre-request-projects\/","title":{"rendered":"\u067e\u0631\u0648\u0698\u0647 \u0647\u0627\u06cc \u067e\u06cc\u0634 \u062f\u0631\u062e\u0648\u0627\u0633\u062a"},"content":{"rendered":"","protected":false},"excerpt":{"rendered":"","protected":false},"author":31,"featured_media":30971,"parent":0,"menu_order":17,"comment_status":"closed","ping_status":"closed","template":"property_list.php","meta":{"footnotes":""},"class_list":["post-36250","page","type-page","status-publish","has-post-thumbnail","hentry"],"yoast_head":"<!-- This site is optimized with the Yoast SEO plugin v24.1 - https:\/\/yoast.com\/wordpress\/plugins\/seo\/ -->\n<title>\u067e\u0631\u0648\u0698\u0647 \u0647\u0627\u06cc \u067e\u06cc\u0634 \u062f\u0631\u062e\u0648\u0627\u0633\u062a - Newest Projects<\/title>\n<meta name=\"robots\" content=\"index, follow, max-snippet:-1, max-image-preview:large, max-video-preview:-1\" \/>\n<link rel=\"canonical\" href=\"https:\/\/newestprojects.com\/ir\/pre-request-projects\/\" \/>\n<meta property=\"og:locale\" content=\"fa_IR\" \/>\n<meta property=\"og:type\" content=\"article\" \/>\n<meta property=\"og:title\" content=\"\u067e\u0631\u0648\u0698\u0647 \u0647\u0627\u06cc \u067e\u06cc\u0634 \u062f\u0631\u062e\u0648\u0627\u0633\u062a - Newest Projects\" \/>\n<meta property=\"og:url\" content=\"https:\/\/newestprojects.com\/ir\/pre-request-projects\/\" \/>\n<meta property=\"og:site_name\" content=\"Newest Projects\" \/>\n<meta property=\"article:publisher\" content=\"https:\/\/www.facebook.com\/enyenikonutprojeleri\" \/>\n<meta property=\"article:modified_time\" content=\"2024-10-04T06:40:43+00:00\" \/>\n<meta property=\"og:image\" content=\"https:\/\/newestprojects.com\/ir\/wp-content\/uploads\/2023\/10\/anka-emlak-ana-banner.jpg\" \/>\n\t<meta property=\"og:image:width\" content=\"1836\" \/>\n\t<meta property=\"og:image:height\" content=\"1080\" \/>\n\t<meta property=\"og:image:type\" content=\"image\/jpeg\" \/>\n<meta name=\"twitter:card\" content=\"summary_large_image\" \/>\n<meta name=\"twitter:label1\" content=\"\u0632\u0645\u0627\u0646 \u062a\u0642\u0631\u06cc\u0628\u06cc \u0628\u0631\u0627\u06cc \u062e\u0648\u0627\u0646\u062f\u0646\" \/>\n\t<meta name=\"twitter:data1\" content=\"1 \u062f\u0642\u06cc\u0642\u0647\" \/>\n<script type=\"application\/ld+json\" class=\"yoast-schema-graph\">{\"@context\":\"https:\/\/schema.org\",\"@graph\":[{\"@type\":\"WebPage\",\"@id\":\"https:\/\/newestprojects.com\/ir\/pre-request-projects\/\",\"url\":\"https:\/\/newestprojects.com\/ir\/pre-request-projects\/\",\"name\":\"\u067e\u0631\u0648\u0698\u0647 \u0647\u0627\u06cc \u067e\u06cc\u0634 \u062f\u0631\u062e\u0648\u0627\u0633\u062a - Newest Projects\",\"isPartOf\":{\"@id\":\"https:\/\/newestprojects.com\/ir\/#website\"},\"primaryImageOfPage\":{\"@id\":\"https:\/\/newestprojects.com\/ir\/pre-request-projects\/#primaryimage\"},\"image\":{\"@id\":\"https:\/\/newestprojects.com\/ir\/pre-request-projects\/#primaryimage\"},\"thumbnailUrl\":\"https:\/\/newestprojects.com\/ir\/wp-content\/uploads\/2023\/10\/anka-emlak-ana-banner.jpg\",\"datePublished\":\"2024-09-14T16:53:33+00:00\",\"dateModified\":\"2024-10-04T06:40:43+00:00\",\"breadcrumb\":{\"@id\":\"https:\/\/newestprojects.com\/ir\/pre-request-projects\/#breadcrumb\"},\"inLanguage\":\"fa-IR\",\"potentialAction\":[{\"@type\":\"ReadAction\",\"target\":[\"https:\/\/newestprojects.com\/ir\/pre-request-projects\/\"]}]},{\"@type\":\"ImageObject\",\"inLanguage\":\"fa-IR\",\"@id\":\"https:\/\/newestprojects.com\/ir\/pre-request-projects\/#primaryimage\",\"url\":\"https:\/\/newestprojects.com\/ir\/wp-content\/uploads\/2023\/10\/anka-emlak-ana-banner.jpg\",\"contentUrl\":\"https:\/\/newestprojects.com\/ir\/wp-content\/uploads\/2023\/10\/anka-emlak-ana-banner.jpg\",\"width\":1836,\"height\":1080,\"caption\":\"Anka Emlak, \u0130stanbul Sat\u0131l\u0131k, ve Kiral\u0131k Daireler , \u0130n\u015faat projeleri\"},{\"@type\":\"BreadcrumbList\",\"@id\":\"https:\/\/newestprojects.com\/ir\/pre-request-projects\/#breadcrumb\",\"itemListElement\":[{\"@type\":\"ListItem\",\"position\":1,\"name\":\"Anasayfa\",\"item\":\"https:\/\/newestprojects.com\/ir\/\"},{\"@type\":\"ListItem\",\"position\":2,\"name\":\"\u067e\u0631\u0648\u0698\u0647 \u0647\u0627\u06cc \u067e\u06cc\u0634 \u062f\u0631\u062e\u0648\u0627\u0633\u062a\"}]},{\"@type\":\"WebSite\",\"@id\":\"https:\/\/newestprojects.com\/ir\/#website\",\"url\":\"https:\/\/newestprojects.com\/ir\/\",\"name\":\"Newest Projects Residential Property\",\"description\":\"Residential Property\",\"publisher\":{\"@id\":\"https:\/\/newestprojects.com\/ir\/#organization\"},\"alternateName\":\"Newest Projects Residential Property\",\"potentialAction\":[{\"@type\":\"SearchAction\",\"target\":{\"@type\":\"EntryPoint\",\"urlTemplate\":\"https:\/\/newestprojects.com\/ir\/?s={search_term_string}\"},\"query-input\":{\"@type\":\"PropertyValueSpecification\",\"valueRequired\":true,\"valueName\":\"search_term_string\"}}],\"inLanguage\":\"fa-IR\"},{\"@type\":\"Organization\",\"@id\":\"https:\/\/newestprojects.com\/ir\/#organization\",\"name\":\"Newest Projects Residential Property\",\"alternateName\":\"Newest Projects Residential Property\",\"url\":\"https:\/\/newestprojects.com\/ir\/\",\"logo\":{\"@type\":\"ImageObject\",\"inLanguage\":\"fa-IR\",\"@id\":\"https:\/\/newestprojects.com\/ir\/#\/schema\/logo\/image\/\",\"url\":\"https:\/\/newestprojects.com\/ir\/wp-content\/uploads\/2024\/09\/newest-projects-residential-properties.png\",\"contentUrl\":\"https:\/\/newestprojects.com\/ir\/wp-content\/uploads\/2024\/09\/newest-projects-residential-properties.png\",\"width\":500,\"height\":500,\"caption\":\"Newest Projects Residential Property\"},\"image\":{\"@id\":\"https:\/\/newestprojects.com\/ir\/#\/schema\/logo\/image\/\"},\"sameAs\":[\"https:\/\/www.facebook.com\/enyenikonutprojeleri\"]}]}<\/script>\n<!-- \/ Yoast SEO plugin. -->","yoast_head_json":{"title":"\u067e\u0631\u0648\u0698\u0647 \u0647\u0627\u06cc \u067e\u06cc\u0634 \u062f\u0631\u062e\u0648\u0627\u0633\u062a - Newest Projects","robots":{"index":"index","follow":"follow","max-snippet":"max-snippet:-1","max-image-preview":"max-image-preview:large","max-video-preview":"max-video-preview:-1"},"canonical":"https:\/\/newestprojects.com\/ir\/pre-request-projects\/","og_locale":"fa_IR","og_type":"article","og_title":"\u067e\u0631\u0648\u0698\u0647 \u0647\u0627\u06cc \u067e\u06cc\u0634 \u062f\u0631\u062e\u0648\u0627\u0633\u062a - Newest Projects","og_url":"https:\/\/newestprojects.com\/ir\/pre-request-projects\/","og_site_name":"Newest Projects","article_publisher":"https:\/\/www.facebook.com\/enyenikonutprojeleri","article_modified_time":"2024-10-04T06:40:43+00:00","og_image":[{"width":1836,"height":1080,"url":"https:\/\/newestprojects.com\/ir\/wp-content\/uploads\/2023\/10\/anka-emlak-ana-banner.jpg","type":"image\/jpeg"}],"twitter_card":"summary_large_image","twitter_misc":{"\u0632\u0645\u0627\u0646 \u062a\u0642\u0631\u06cc\u0628\u06cc \u0628\u0631\u0627\u06cc \u062e\u0648\u0627\u0646\u062f\u0646":"1 \u062f\u0642\u06cc\u0642\u0647"},"schema":{"@context":"https:\/\/schema.org","@graph":[{"@type":"WebPage","@id":"https:\/\/newestprojects.com\/ir\/pre-request-projects\/","url":"https:\/\/newestprojects.com\/ir\/pre-request-projects\/","name":"\u067e\u0631\u0648\u0698\u0647 \u0647\u0627\u06cc \u067e\u06cc\u0634 \u062f\u0631\u062e\u0648\u0627\u0633\u062a - Newest Projects","isPartOf":{"@id":"https:\/\/newestprojects.com\/ir\/#website"},"primaryImageOfPage":{"@id":"https:\/\/newestprojects.com\/ir\/pre-request-projects\/#primaryimage"},"image":{"@id":"https:\/\/newestprojects.com\/ir\/pre-request-projects\/#primaryimage"},"thumbnailUrl":"https:\/\/newestprojects.com\/ir\/wp-content\/uploads\/2023\/10\/anka-emlak-ana-banner.jpg","datePublished":"2024-09-14T16:53:33+00:00","dateModified":"2024-10-04T06:40:43+00:00","breadcrumb":{"@id":"https:\/\/newestprojects.com\/ir\/pre-request-projects\/#breadcrumb"},"inLanguage":"fa-IR","potentialAction":[{"@type":"ReadAction","target":["https:\/\/newestprojects.com\/ir\/pre-request-projects\/"]}]},{"@type":"ImageObject","inLanguage":"fa-IR","@id":"https:\/\/newestprojects.com\/ir\/pre-request-projects\/#primaryimage","url":"https:\/\/newestprojects.com\/ir\/wp-content\/uploads\/2023\/10\/anka-emlak-ana-banner.jpg","contentUrl":"https:\/\/newestprojects.com\/ir\/wp-content\/uploads\/2023\/10\/anka-emlak-ana-banner.jpg","width":1836,"height":1080,"caption":"Anka Emlak, \u0130stanbul Sat\u0131l\u0131k, ve Kiral\u0131k Daireler , \u0130n\u015faat projeleri"},{"@type":"BreadcrumbList","@id":"https:\/\/newestprojects.com\/ir\/pre-request-projects\/#breadcrumb","itemListElement":[{"@type":"ListItem","position":1,"name":"Anasayfa","item":"https:\/\/newestprojects.com\/ir\/"},{"@type":"ListItem","position":2,"name":"\u067e\u0631\u0648\u0698\u0647 \u0647\u0627\u06cc \u067e\u06cc\u0634 \u062f\u0631\u062e\u0648\u0627\u0633\u062a"}]},{"@type":"WebSite","@id":"https:\/\/newestprojects.com\/ir\/#website","url":"https:\/\/newestprojects.com\/ir\/","name":"Newest Projects Residential Property","description":"Residential Property","publisher":{"@id":"https:\/\/newestprojects.com\/ir\/#organization"},"alternateName":"Newest Projects Residential Property","potentialAction":[{"@type":"SearchAction","target":{"@type":"EntryPoint","urlTemplate":"https:\/\/newestprojects.com\/ir\/?s={search_term_string}"},"query-input":{"@type":"PropertyValueSpecification","valueRequired":true,"valueName":"search_term_string"}}],"inLanguage":"fa-IR"},{"@type":"Organization","@id":"https:\/\/newestprojects.com\/ir\/#organization","name":"Newest Projects Residential Property","alternateName":"Newest Projects Residential Property","url":"https:\/\/newestprojects.com\/ir\/","logo":{"@type":"ImageObject","inLanguage":"fa-IR","@id":"https:\/\/newestprojects.com\/ir\/#\/schema\/logo\/image\/","url":"https:\/\/newestprojects.com\/ir\/wp-content\/uploads\/2024\/09\/newest-projects-residential-properties.png","contentUrl":"https:\/\/newestprojects.com\/ir\/wp-content\/uploads\/2024\/09\/newest-projects-residential-properties.png","width":500,"height":500,"caption":"Newest Projects Residential Property"},"image":{"@id":"https:\/\/newestprojects.com\/ir\/#\/schema\/logo\/image\/"},"sameAs":["https:\/\/www.facebook.com\/enyenikonutprojeleri"]}]}},"_links":{"self":[{"href":"https:\/\/newestprojects.com\/ir\/wp-json\/wp\/v2\/pages\/36250"}],"collection":[{"href":"https:\/\/newestprojects.com\/ir\/wp-json\/wp\/v2\/pages"}],"about":[{"href":"https:\/\/newestprojects.com\/ir\/wp-json\/wp\/v2\/types\/page"}],"author":[{"embeddable":true,"href":"https:\/\/newestprojects.com\/ir\/wp-json\/wp\/v2\/users\/31"}],"replies":[{"embeddable":true,"href":"https:\/\/newestprojects.com\/ir\/wp-json\/wp\/v2\/comments?post=36250"}],"version-history":[{"count":3,"href":"https:\/\/newestprojects.com\/ir\/wp-json\/wp\/v2\/pages\/36250\/revisions"}],"predecessor-version":[{"id":36981,"href":"https:\/\/newestprojects.com\/ir\/wp-json\/wp\/v2\/pages\/36250\/revisions\/36981"}],"wp:featuredmedia":[{"embeddable":true,"href":"https:\/\/newestprojects.com\/ir\/wp-json\/wp\/v2\/media\/30971"}],"wp:attachment":[{"href":"https:\/\/newestprojects.com\/ir\/wp-json\/wp\/v2\/media?parent=36250"}],"curies":[{"name":"wp","href":"https:\/\/api.w.org\/{rel}","templated":true}]}}