{"id":31122,"date":"2024-09-30T11:38:56","date_gmt":"2024-09-30T11:38:56","guid":{"rendered":"http:\/\/newestprojects.com\/ar\/?page_id=31122"},"modified":"2024-10-17T10:04:00","modified_gmt":"2024-10-17T10:04:00","slug":"contact-us","status":"publish","type":"page","link":"https:\/\/newestprojects.com\/ar\/contact-us\/","title":{"rendered":"\u0627\u062a\u0635\u0644 \u0628\u0646\u0627"},"content":{"rendered":"\t\t<div data-elementor-type=\"wp-page\" data-elementor-id=\"31122\" class=\"elementor elementor-31122\" data-elementor-post-type=\"page\">\n\t\t\t\t\t\t<section class=\"elementor-section elementor-top-section elementor-element elementor-element-7e8d58e0 elementor-section-stretched elementor-section-boxed elementor-section-height-default elementor-section-height-default\" data-id=\"7e8d58e0\" data-element_type=\"section\" data-settings=\"{&quot;stretch_section&quot;:&quot;section-stretched&quot;,&quot;background_background&quot;:&quot;classic&quot;}\">\n\t\t\t\t\t\t\t<div class=\"elementor-background-overlay\"><\/div>\n\t\t\t\t\t\t\t<div class=\"elementor-container elementor-column-gap-no\">\n\t\t\t\t\t<div class=\"elementor-column elementor-col-50 elementor-top-column elementor-element elementor-element-1ab3155\" data-id=\"1ab3155\" data-element_type=\"column\">\n\t\t\t<div class=\"elementor-widget-wrap elementor-element-populated\">\n\t\t\t\t\t\t<div class=\"elementor-element elementor-element-2172ea6 elementor-widget elementor-widget-text-editor\" data-id=\"2172ea6\" data-element_type=\"widget\" data-widget_type=\"text-editor.default\">\n\t\t\t\t<div class=\"elementor-widget-container\">\n\t\t\t\t\t\t\t\u0627\u062a\u0635\u0644 \u0628\u0646\u0627\t\t\t\t\t\t<\/div>\n\t\t\t\t<\/div>\n\t\t\t\t<div class=\"elementor-element elementor-element-60b51a16 elementor-align-left elementor-icon-list--layout-traditional elementor-list-item-link-full_width elementor-widget elementor-widget-icon-list\" data-id=\"60b51a16\" data-element_type=\"widget\" data-widget_type=\"icon-list.default\">\n\t\t\t\t<div class=\"elementor-widget-container\">\n\t\t\t\t\t<ul class=\"elementor-icon-list-items\">\n\t\t\t\t\t\t\t<li class=\"elementor-icon-list-item\">\n\t\t\t\t\t\t\t\t\t\t\t<span class=\"elementor-icon-list-icon\">\n\t\t\t\t\t\t\t<i aria-hidden=\"true\" class=\"far fa-building\"><\/i>\t\t\t\t\t\t<\/span>\n\t\t\t\t\t\t\t\t\t\t<span class=\"elementor-icon-list-text\">Ye\u015filk\u00f6y Mah. Ye\u015fil Yal\u0131 Sok. Liman Apt. No:6 Daire:2 Ye\u015filk\u00f6y \u2013 Bak\u0131rk\u00f6y \u2013 \u0130stanbul<\/span>\n\t\t\t\t\t\t\t\t\t<\/li>\n\t\t\t\t\t\t\t\t<li class=\"elementor-icon-list-item\">\n\t\t\t\t\t\t\t\t\t\t\t<span class=\"elementor-icon-list-icon\">\n\t\t\t\t\t\t\t<i aria-hidden=\"true\" class=\"fas fa-phone\"><\/i>\t\t\t\t\t\t<\/span>\n\t\t\t\t\t\t\t\t\t\t<span class=\"elementor-icon-list-text\">2652 662 90212+<\/span>\n\t\t\t\t\t\t\t\t\t<\/li>\n\t\t\t\t\t\t\t\t<li class=\"elementor-icon-list-item\">\n\t\t\t\t\t\t\t\t\t\t\t<span class=\"elementor-icon-list-icon\">\n\t\t\t\t\t\t\t<i aria-hidden=\"true\" class=\"fas fa-phone\"><\/i>\t\t\t\t\t\t<\/span>\n\t\t\t\t\t\t\t\t\t\t<span class=\"elementor-icon-list-text\">8923 601 90542+<\/span>\n\t\t\t\t\t\t\t\t\t<\/li>\n\t\t\t\t\t\t\t\t<li class=\"elementor-icon-list-item\">\n\t\t\t\t\t\t\t\t\t\t\t<a href=\"mailto:info@ankaemlak.com.tr\">\n\n\t\t\t\t\t\t\t\t\t\t\t\t<span class=\"elementor-icon-list-icon\">\n\t\t\t\t\t\t\t<i aria-hidden=\"true\" class=\"far fa-envelope\"><\/i>\t\t\t\t\t\t<\/span>\n\t\t\t\t\t\t\t\t\t\t<span class=\"elementor-icon-list-text\">info@enyenikonutprojeleri.com<\/span>\n\t\t\t\t\t\t\t\t\t\t\t<\/a>\n\t\t\t\t\t\t\t\t\t<\/li>\n\t\t\t\t\t\t<\/ul>\n\t\t\t\t<\/div>\n\t\t\t\t<\/div>\n\t\t\t\t\t<\/div>\n\t\t<\/div>\n\t\t\t\t<div class=\"elementor-column elementor-col-50 elementor-top-column elementor-element elementor-element-4d61706\" data-id=\"4d61706\" data-element_type=\"column\">\n\t\t\t<div class=\"elementor-widget-wrap elementor-element-populated\">\n\t\t\t\t\t\t<div class=\"elementor-element elementor-element-7bd47ccb elementor-widget elementor-widget-WpResidence_Contact_Form\" data-id=\"7bd47ccb\" data-element_type=\"widget\" data-widget_type=\"WpResidence_Contact_Form.default\">\n\t\t\t\t<div class=\"elementor-widget-container\">\n\t\t\t<div class=\"shortcode_contact_form sh_form_align_left\">\r\n\r\n       \r\n            <div class=\"alert-message\" id=\"footer_alert-agent-contact_sh\"><\/div>\r\n     \r\n\r\n        <input type=\"text\" style=\"color:!important;background:#ECF7F9!important;\" placeholder=\"\u0627\u0633\u0645\u0643\" required=\"required\"   id=\"foot_contact_name_sh\"  name=\"contact_name\" class=\"form-control\" value=\"\" tabindex=\"373\">\r\n        <input type=\"email\" style=\"color:!important;background:#ECF7F9!important;\" required=\"required\" placeholder=\"\u0628\u0631\u064a\u062f\u0643 \u0627\u0644\u0627\u0644\u0643\u062a\u0631\u0648\u0646\u064a\"  id=\"foot_contact_email_sh\" name=\"contact_email\" class=\"form-control wpestate-form-control-sh\" value=\"\" tabindex=\"374\">\r\n        <input type=\"email\" style=\"color:!important;background:#ECF7F9!important;\" required=\"required\" placeholder=\"\u0631\u0642\u0645 \u0627\u0644\u0647\u0627\u062a\u0641\"  id=\"foot_contact_phone_sh\" name=\"contact_phone\" class=\"form-control wpestate-form-control-sh\" value=\"\" tabindex=\"374\">\r\n        <textarea style=\"color:!important;background:#ECF7F9!important;\" placeholder=\"\u0627\u0643\u062a\u0628 \u0631\u0633\u0627\u0644\u062a\u0643 \u0647\u0646\u0627...\" required=\"required\" id=\"foot_contact_content_sh\" name=\"contact_content\" class=\"form-control wpestate-form-control-sh\" rows=\"4\" tabindex=\"375\"><\/textarea>\r\n        <input type=\"hidden\" name=\"contact_ajax_nonce\"        id=\"agent_property_ajax_nonce\"     value=\"2719e94f69\" \/>  <div class=\"btn-cont\">\r\n            <button type=\"submit\" id=\"btn-cont-submit_sh\" class=\"wpresidence_button sh_but_1\">\u0627\u0631\u0633\u0627\u0644 \u0631\u0633\u0627\u0644\u0629<\/button>\r\n\r\n            <input type=\"hidden\" value=\"\" name=\"contact_to\">\r\n            <div class=\"bottom-arrow\"><\/div>\r\n        <\/div>\r\n    <\/div><style>\r\n    .shortcode_contact_form textarea::-webkit-input-placeholder,\r\n    .shortcode_contact_form input::-webkit-input-placeholder {\r\n     color:!important;\";\r\n}\r\n<\/style><script type=\"text\/javascript\">\r\n                \/\/<![CDATA[\r\n                jQuery(document).ready(function(){\r\n                  wpestate_contact_us_shortcode();\r\n                });\r\n                \/\/]]>\r\n            <\/script>\t\t<\/div>\n\t\t\t\t<\/div>\n\t\t\t\t\t<\/div>\n\t\t<\/div>\n\t\t\t\t\t<\/div>\n\t\t<\/section>\n\t\t\t\t<section class=\"elementor-section elementor-top-section elementor-element elementor-element-2b86e48 elementor-section-full_width elementor-section-stretched elementor-section-height-default elementor-section-height-default\" data-id=\"2b86e48\" data-element_type=\"section\" data-settings=\"{&quot;stretch_section&quot;:&quot;section-stretched&quot;}\">\n\t\t\t\t\t\t<div class=\"elementor-container elementor-column-gap-no\">\n\t\t\t\t\t<div class=\"elementor-column elementor-col-100 elementor-top-column elementor-element elementor-element-5484c54\" data-id=\"5484c54\" data-element_type=\"column\">\n\t\t\t<div class=\"elementor-widget-wrap elementor-element-populated\">\n\t\t\t\t\t\t<div class=\"elementor-element elementor-element-addb5b8 elementor-widget elementor-widget-google_maps\" data-id=\"addb5b8\" data-element_type=\"widget\" data-widget_type=\"google_maps.default\">\n\t\t\t\t<div class=\"elementor-widget-container\">\n\t\t\t\t\t<div class=\"elementor-custom-embed\">\n\t\t\t<iframe loading=\"lazy\"\n\t\t\t\t\tsrc=\"https:\/\/maps.google.com\/maps?q=En%20Yeni%20Konut%20Projeleri%2C%20Ye%C5%9Filk%C3%B6y%20Mah.%20Ye%C5%9Fil%20Yal%C4%B1%20Sok.%20Liman%20Apt.%20Blok%3AA%20No%3A6%2C%2034149%20Bak%C4%B1rk%C3%B6y%2F%C4%B0stanbul&#038;t=m&#038;z=10&#038;output=embed&#038;iwloc=near\"\n\t\t\t\t\ttitle=\"En Yeni Konut Projeleri, Ye\u015filk\u00f6y Mah. Ye\u015fil Yal\u0131 Sok. Liman Apt. Blok:A No:6, 34149 Bak\u0131rk\u00f6y\/\u0130stanbul\"\n\t\t\t\t\taria-label=\"En Yeni Konut Projeleri, Ye\u015filk\u00f6y Mah. Ye\u015fil Yal\u0131 Sok. Liman Apt. Blok:A No:6, 34149 Bak\u0131rk\u00f6y\/\u0130stanbul\"\n\t\t\t><\/iframe>\n\t\t<\/div>\n\t\t\t\t<\/div>\n\t\t\t\t<\/div>\n\t\t\t\t\t<\/div>\n\t\t<\/div>\n\t\t\t\t\t<\/div>\n\t\t<\/section>\n\t\t\t\t<\/div>\n\t\t","protected":false},"excerpt":{"rendered":"<p>\u0627\u062a\u0635\u0644 \u0628\u0646\u0627 Ye\u015filk\u00f6y Mah. Ye\u015fil Yal\u0131 Sok. Liman Apt. No:6 Daire:2 Ye\u015filk\u00f6y \u2013 Bak\u0131rk\u00f6y \u2013 \u0130stanbul 2652 662 90212+ 8923 601 90542+ info@enyenikonutprojeleri.com \u0627\u0631\u0633\u0627\u0644 \u0631\u0633\u0627\u0644\u0629<\/p>\n","protected":false},"author":31,"featured_media":36587,"parent":0,"menu_order":68,"comment_status":"closed","ping_status":"closed","template":"","meta":{"footnotes":""},"class_list":["post-31122","page","type-page","status-publish","has-post-thumbnail","hentry"],"yoast_head":"<!-- This site is optimized with the Yoast SEO plugin v24.1 - https:\/\/yoast.com\/wordpress\/plugins\/seo\/ -->\n<title>\u0627\u062a\u0635\u0644 \u0628\u0646\u0627 - Newest Projects<\/title>\n<meta name=\"robots\" content=\"index, follow, max-snippet:-1, max-image-preview:large, max-video-preview:-1\" \/>\n<link rel=\"canonical\" href=\"https:\/\/newestprojects.com\/ar\/contact-us\/\" \/>\n<meta property=\"og:locale\" content=\"ar_AR\" \/>\n<meta property=\"og:type\" content=\"article\" \/>\n<meta property=\"og:title\" content=\"\u0627\u062a\u0635\u0644 \u0628\u0646\u0627 - Newest Projects\" \/>\n<meta property=\"og:description\" content=\"\u0627\u062a\u0635\u0644 \u0628\u0646\u0627 Ye\u015filk\u00f6y Mah. Ye\u015fil Yal\u0131 Sok. Liman Apt. No:6 Daire:2 Ye\u015filk\u00f6y \u2013 Bak\u0131rk\u00f6y \u2013 \u0130stanbul 2652 662 90212+ 8923 601 90542+ info@enyenikonutprojeleri.com \u0627\u0631\u0633\u0627\u0644 \u0631\u0633\u0627\u0644\u0629\" \/>\n<meta property=\"og:url\" content=\"https:\/\/newestprojects.com\/ar\/contact-us\/\" \/>\n<meta property=\"og:site_name\" content=\"Newest Projects\" \/>\n<meta property=\"article:publisher\" content=\"https:\/\/www.facebook.com\/enyenikonutprojeleri\" \/>\n<meta property=\"article:modified_time\" content=\"2024-10-17T10:04:00+00:00\" \/>\n<meta property=\"og:image\" content=\"http:\/\/newestprojects.com\/ar\/wp-content\/uploads\/2024\/10\/newest-projects-residential-properties.png\" \/>\n\t<meta property=\"og:image:width\" content=\"500\" \/>\n\t<meta property=\"og:image:height\" content=\"500\" \/>\n\t<meta property=\"og:image:type\" content=\"image\/png\" \/>\n<meta name=\"twitter:card\" content=\"summary_large_image\" \/>\n<meta name=\"twitter:label1\" content=\"\u0648\u0642\u062a \u0627\u0644\u0642\u0631\u0627\u0621\u0629 \u0627\u0644\u0645\u064f\u0642\u062f\u0651\u0631\" \/>\n\t<meta name=\"twitter:data1\" content=\"\u062f\u0642\u064a\u0642\u0629 \u0648\u0627\u062d\u062f\u0629\" \/>\n<script type=\"application\/ld+json\" class=\"yoast-schema-graph\">{\"@context\":\"https:\/\/schema.org\",\"@graph\":[{\"@type\":\"WebPage\",\"@id\":\"https:\/\/newestprojects.com\/ar\/contact-us\/\",\"url\":\"https:\/\/newestprojects.com\/ar\/contact-us\/\",\"name\":\"\u0627\u062a\u0635\u0644 \u0628\u0646\u0627 - Newest Projects\",\"isPartOf\":{\"@id\":\"https:\/\/newestprojects.com\/ar\/#website\"},\"primaryImageOfPage\":{\"@id\":\"https:\/\/newestprojects.com\/ar\/contact-us\/#primaryimage\"},\"image\":{\"@id\":\"https:\/\/newestprojects.com\/ar\/contact-us\/#primaryimage\"},\"thumbnailUrl\":\"https:\/\/newestprojects.com\/ar\/wp-content\/uploads\/2024\/10\/newest-projects-residential-properties.png\",\"datePublished\":\"2024-09-30T11:38:56+00:00\",\"dateModified\":\"2024-10-17T10:04:00+00:00\",\"breadcrumb\":{\"@id\":\"https:\/\/newestprojects.com\/ar\/contact-us\/#breadcrumb\"},\"inLanguage\":\"ar\",\"potentialAction\":[{\"@type\":\"ReadAction\",\"target\":[\"https:\/\/newestprojects.com\/ar\/contact-us\/\"]}]},{\"@type\":\"ImageObject\",\"inLanguage\":\"ar\",\"@id\":\"https:\/\/newestprojects.com\/ar\/contact-us\/#primaryimage\",\"url\":\"https:\/\/newestprojects.com\/ar\/wp-content\/uploads\/2024\/10\/newest-projects-residential-properties.png\",\"contentUrl\":\"https:\/\/newestprojects.com\/ar\/wp-content\/uploads\/2024\/10\/newest-projects-residential-properties.png\",\"width\":500,\"height\":500},{\"@type\":\"BreadcrumbList\",\"@id\":\"https:\/\/newestprojects.com\/ar\/contact-us\/#breadcrumb\",\"itemListElement\":[{\"@type\":\"ListItem\",\"position\":1,\"name\":\"Anasayfa\",\"item\":\"https:\/\/newestprojects.com\/ar\/\"},{\"@type\":\"ListItem\",\"position\":2,\"name\":\"\u0627\u062a\u0635\u0644 \u0628\u0646\u0627\"}]},{\"@type\":\"WebSite\",\"@id\":\"https:\/\/newestprojects.com\/ar\/#website\",\"url\":\"https:\/\/newestprojects.com\/ar\/\",\"name\":\"Newest Projects\",\"description\":\"\u0627\u0644\u0639\u0642\u0627\u0631\u0627\u062a \u0627\u0644\u0633\u0643\u0646\u064a\u0629\",\"publisher\":{\"@id\":\"https:\/\/newestprojects.com\/ar\/#organization\"},\"alternateName\":\"Newest Projects Residential Property\",\"potentialAction\":[{\"@type\":\"SearchAction\",\"target\":{\"@type\":\"EntryPoint\",\"urlTemplate\":\"https:\/\/newestprojects.com\/ar\/?s={search_term_string}\"},\"query-input\":{\"@type\":\"PropertyValueSpecification\",\"valueRequired\":true,\"valueName\":\"search_term_string\"}}],\"inLanguage\":\"ar\"},{\"@type\":\"Organization\",\"@id\":\"https:\/\/newestprojects.com\/ar\/#organization\",\"name\":\"En Yeni Konut Projeleri\",\"alternateName\":\"En Yeni Konut Projeleri\",\"url\":\"https:\/\/newestprojects.com\/ar\/\",\"logo\":{\"@type\":\"ImageObject\",\"inLanguage\":\"ar\",\"@id\":\"https:\/\/newestprojects.com\/ar\/#\/schema\/logo\/image\/\",\"url\":\"https:\/\/newestprojects.com\/ar\/wp-content\/uploads\/2024\/07\/enyenikonutprojeleri-logo-2.png\",\"contentUrl\":\"https:\/\/newestprojects.com\/ar\/wp-content\/uploads\/2024\/07\/enyenikonutprojeleri-logo-2.png\",\"width\":500,\"height\":500,\"caption\":\"En Yeni Konut Projeleri\"},\"image\":{\"@id\":\"https:\/\/newestprojects.com\/ar\/#\/schema\/logo\/image\/\"},\"sameAs\":[\"https:\/\/www.facebook.com\/enyenikonutprojeleri\"]}]}<\/script>\n<!-- \/ Yoast SEO plugin. -->","yoast_head_json":{"title":"\u0627\u062a\u0635\u0644 \u0628\u0646\u0627 - Newest Projects","robots":{"index":"index","follow":"follow","max-snippet":"max-snippet:-1","max-image-preview":"max-image-preview:large","max-video-preview":"max-video-preview:-1"},"canonical":"https:\/\/newestprojects.com\/ar\/contact-us\/","og_locale":"ar_AR","og_type":"article","og_title":"\u0627\u062a\u0635\u0644 \u0628\u0646\u0627 - Newest Projects","og_description":"\u0627\u062a\u0635\u0644 \u0628\u0646\u0627 Ye\u015filk\u00f6y Mah. Ye\u015fil Yal\u0131 Sok. Liman Apt. No:6 Daire:2 Ye\u015filk\u00f6y \u2013 Bak\u0131rk\u00f6y \u2013 \u0130stanbul 2652 662 90212+ 8923 601 90542+ info@enyenikonutprojeleri.com \u0627\u0631\u0633\u0627\u0644 \u0631\u0633\u0627\u0644\u0629","og_url":"https:\/\/newestprojects.com\/ar\/contact-us\/","og_site_name":"Newest Projects","article_publisher":"https:\/\/www.facebook.com\/enyenikonutprojeleri","article_modified_time":"2024-10-17T10:04:00+00:00","og_image":[{"width":500,"height":500,"url":"http:\/\/newestprojects.com\/ar\/wp-content\/uploads\/2024\/10\/newest-projects-residential-properties.png","type":"image\/png"}],"twitter_card":"summary_large_image","twitter_misc":{"\u0648\u0642\u062a \u0627\u0644\u0642\u0631\u0627\u0621\u0629 \u0627\u0644\u0645\u064f\u0642\u062f\u0651\u0631":"\u062f\u0642\u064a\u0642\u0629 \u0648\u0627\u062d\u062f\u0629"},"schema":{"@context":"https:\/\/schema.org","@graph":[{"@type":"WebPage","@id":"https:\/\/newestprojects.com\/ar\/contact-us\/","url":"https:\/\/newestprojects.com\/ar\/contact-us\/","name":"\u0627\u062a\u0635\u0644 \u0628\u0646\u0627 - Newest Projects","isPartOf":{"@id":"https:\/\/newestprojects.com\/ar\/#website"},"primaryImageOfPage":{"@id":"https:\/\/newestprojects.com\/ar\/contact-us\/#primaryimage"},"image":{"@id":"https:\/\/newestprojects.com\/ar\/contact-us\/#primaryimage"},"thumbnailUrl":"https:\/\/newestprojects.com\/ar\/wp-content\/uploads\/2024\/10\/newest-projects-residential-properties.png","datePublished":"2024-09-30T11:38:56+00:00","dateModified":"2024-10-17T10:04:00+00:00","breadcrumb":{"@id":"https:\/\/newestprojects.com\/ar\/contact-us\/#breadcrumb"},"inLanguage":"ar","potentialAction":[{"@type":"ReadAction","target":["https:\/\/newestprojects.com\/ar\/contact-us\/"]}]},{"@type":"ImageObject","inLanguage":"ar","@id":"https:\/\/newestprojects.com\/ar\/contact-us\/#primaryimage","url":"https:\/\/newestprojects.com\/ar\/wp-content\/uploads\/2024\/10\/newest-projects-residential-properties.png","contentUrl":"https:\/\/newestprojects.com\/ar\/wp-content\/uploads\/2024\/10\/newest-projects-residential-properties.png","width":500,"height":500},{"@type":"BreadcrumbList","@id":"https:\/\/newestprojects.com\/ar\/contact-us\/#breadcrumb","itemListElement":[{"@type":"ListItem","position":1,"name":"Anasayfa","item":"https:\/\/newestprojects.com\/ar\/"},{"@type":"ListItem","position":2,"name":"\u0627\u062a\u0635\u0644 \u0628\u0646\u0627"}]},{"@type":"WebSite","@id":"https:\/\/newestprojects.com\/ar\/#website","url":"https:\/\/newestprojects.com\/ar\/","name":"Newest Projects","description":"\u0627\u0644\u0639\u0642\u0627\u0631\u0627\u062a \u0627\u0644\u0633\u0643\u0646\u064a\u0629","publisher":{"@id":"https:\/\/newestprojects.com\/ar\/#organization"},"alternateName":"Newest Projects Residential Property","potentialAction":[{"@type":"SearchAction","target":{"@type":"EntryPoint","urlTemplate":"https:\/\/newestprojects.com\/ar\/?s={search_term_string}"},"query-input":{"@type":"PropertyValueSpecification","valueRequired":true,"valueName":"search_term_string"}}],"inLanguage":"ar"},{"@type":"Organization","@id":"https:\/\/newestprojects.com\/ar\/#organization","name":"En Yeni Konut Projeleri","alternateName":"En Yeni Konut Projeleri","url":"https:\/\/newestprojects.com\/ar\/","logo":{"@type":"ImageObject","inLanguage":"ar","@id":"https:\/\/newestprojects.com\/ar\/#\/schema\/logo\/image\/","url":"https:\/\/newestprojects.com\/ar\/wp-content\/uploads\/2024\/07\/enyenikonutprojeleri-logo-2.png","contentUrl":"https:\/\/newestprojects.com\/ar\/wp-content\/uploads\/2024\/07\/enyenikonutprojeleri-logo-2.png","width":500,"height":500,"caption":"En Yeni Konut Projeleri"},"image":{"@id":"https:\/\/newestprojects.com\/ar\/#\/schema\/logo\/image\/"},"sameAs":["https:\/\/www.facebook.com\/enyenikonutprojeleri"]}]}},"_links":{"self":[{"href":"https:\/\/newestprojects.com\/ar\/wp-json\/wp\/v2\/pages\/31122"}],"collection":[{"href":"https:\/\/newestprojects.com\/ar\/wp-json\/wp\/v2\/pages"}],"about":[{"href":"https:\/\/newestprojects.com\/ar\/wp-json\/wp\/v2\/types\/page"}],"author":[{"embeddable":true,"href":"https:\/\/newestprojects.com\/ar\/wp-json\/wp\/v2\/users\/31"}],"replies":[{"embeddable":true,"href":"https:\/\/newestprojects.com\/ar\/wp-json\/wp\/v2\/comments?post=31122"}],"version-history":[{"count":33,"href":"https:\/\/newestprojects.com\/ar\/wp-json\/wp\/v2\/pages\/31122\/revisions"}],"predecessor-version":[{"id":36687,"href":"https:\/\/newestprojects.com\/ar\/wp-json\/wp\/v2\/pages\/31122\/revisions\/36687"}],"wp:featuredmedia":[{"embeddable":true,"href":"https:\/\/newestprojects.com\/ar\/wp-json\/wp\/v2\/media\/36587"}],"wp:attachment":[{"href":"https:\/\/newestprojects.com\/ar\/wp-json\/wp\/v2\/media?parent=31122"}],"curies":[{"name":"wp","href":"https:\/\/api.w.org\/{rel}","templated":true}]}}